{"id":942,"date":"2026-02-05T22:39:45","date_gmt":"2026-02-05T21:39:45","guid":{"rendered":"https:\/\/labornebleue.fr\/cookie-policy\/"},"modified":"2026-02-20T22:08:20","modified_gmt":"2026-02-20T21:08:20","slug":"cookie-policy","status":"publish","type":"page","link":"https:\/\/labornebleue.fr\/en\/cookie-policy\/","title":{"rendered":"Cookie Policy"},"content":{"rendered":"","protected":false},"excerpt":{"rendered":"","protected":false},"author":26,"featured_media":0,"parent":0,"menu_order":2,"comment_status":"closed","ping_status":"closed","template":"","meta":{"_acf_changed":false,"footnotes":""},"class_list":["post-942","page","type-page","status-publish","hentry"],"acf":{"boutons":false,"contenus":[{"acf_fc_layout":"contenu","titre":"","contenu":"<p><strong> <\/strong>SIPPEREC wishes to inform you in a clear and transparent manner about the use of cookies when you visit the labornebleue.fr website.<\/p>\n<h2><strong>1. Preamble<\/strong><\/h2>\n<p>To enable internet users to benefit from the services offered by the SIPPEREC website www.labornebleue.fr (hereinafter the &#8220;Site&#8221;), such as browsing, optimizing its use, or personalization. <strong> <\/strong>depending on the user, the Site uses cookies.<\/p>\n<p>You may at any time deactivate the cookies you have consented to, free of charge, using the deactivation options provided to you and detailed below.<\/p>\n<h2><strong>2. Definition<\/strong><\/h2>\n<p>When visiting the Site, information relating to your device&#8217;s navigation (computer, tablet, smartphone, etc.) on the Site may be recorded in text files called &#8220;cookies,&#8221; installed on your browser. Cookies will be used to recognize your browser during the validity period of the cookie concerned and send certain information back to the Site (for example, a session ID or language choice). <\/p>\n<p>Only the issuer of the cookie concerned is likely to read or modify the information contained therein.<\/p>\n<p>There are different types of cookies:<\/p>\n<ul>\n<li>session cookies that disappear as soon as you leave the Site;<\/li>\n<\/ul>\n<ul>\n<li>persistent cookies that remain on your device until their lifespan expires or until you delete them using your browser&#8217;s features.<\/li>\n<\/ul>\n<p>You are informed that, during your visits to this Site, cookies may be installed on your device.<\/p>\n<h2><strong>3. Purposes of the cookies used<\/strong><\/h2>\n<p>Cookies are used by our Site for various purposes:<\/p>\n<ul>\n<li>Facilitate your browsing;<\/li>\n<\/ul>\n<p>\u00a0<\/p>\n<p>Certain cookies, not subject to your consent, are essential for the use of the Site. These are technical cookies used by SIPPEREC to: <\/p>\n<ul>\n<li>Keep your session active;<\/li>\n<li>Save your choices regarding cookies;<\/li>\n<li>Enregistrer vos pr\u00e9f\u00e9rences de navigation ;<\/li>\n<\/ul>\n<p>\u00a0<\/p>\n<h2><strong>4. Cookies utilis\u00e9s par notre Site<\/strong><\/h2>\n<p>Les cookies utilis\u00e9s sur le Site sont :<\/p>\n<ul>\n<li>Les cookies du SIPPEREC ;<\/li>\n<li>Les cookies de tiers limitativement choisis par le SIPPEREC dans le but d\u2019atteindre des objectifs d\u00e9termin\u00e9s.<\/li>\n<\/ul>\n<h4><strong>4.1 Les cookies d\u00e9pos\u00e9s par <\/strong><strong>le SIPPEREC<\/strong><strong> <\/strong><\/h4>\n<p>Les cookies d\u00e9pos\u00e9s par le SIPPEREC sont d\u00e9taill\u00e9s dans le tableau ci-dessous :<\/p>\n<table>\n<tbody>\n<tr>\n<td width=\"152\"><strong>Nom du cookie<\/strong><\/td>\n<td width=\"131\"><strong>Cat\u00e9gorie<\/strong><\/td>\n<td width=\"151\"><strong>Finalit\u00e9<\/strong><\/td>\n<td width=\"151\"><strong>Dur\u00e9e de validit\u00e9<\/strong><\/td>\n<\/tr>\n<tr>\n<td width=\"152\"><strong>tactwn<\/strong><\/td>\n<td width=\"131\">Technique<\/td>\n<td width=\"151\">Enregistrer le consentement des cookies<\/td>\n<td width=\"151\">1 an<\/td>\n<\/tr>\n<tr>\n<td width=\"152\"><strong>alize-welcome <\/strong><\/td>\n<td width=\"131\">Technique<\/td>\n<td width=\"151\">Affichage\/Masquage de la banni\u00e8re de bienvenue<\/td>\n<td width=\"151\">90 jours<\/td>\n<\/tr>\n<\/tbody>\n<\/table>\n<p>\u00a0<\/p>\n<h4><strong>4.2 <\/strong><strong>Les cookies d\u00e9pos\u00e9s par un tiers<\/strong><\/h4>\n<p>Notre Site contient des cookies \u00e9mis par des tiers d\u00e9taill\u00e9s dans le tableau ci-dessous :<\/p>\n<table>\n<tbody>\n<tr>\n<td width=\"79\"><strong>Nom du tiers<\/strong><\/td>\n<td width=\"156\"><strong>Nom du cookie<\/strong><\/td>\n<td width=\"105\"><strong>Cat\u00e9gorie<\/strong><\/td>\n<td width=\"147\"><strong>Finalit\u00e9<\/strong><\/td>\n<td width=\"99\"><strong>Dur\u00e9e de validit\u00e9<\/strong><\/td>\n<\/tr>\n<tr>\n<td width=\"79\"><strong>Google Font<\/strong><\/td>\n<td width=\"156\">Google Fonts API<\/td>\n<td width=\"105\">Technique<\/td>\n<td width=\"147\">Affichage des polices web<\/td>\n<td width=\"99\">Aucune<\/td>\n<\/tr>\n<tr>\n<td width=\"79\"><strong>YOUTUBE<\/strong><\/td>\n<td colspan=\"4\" width=\"506\">YouTube est utilis\u00e9 par ce site web pour h\u00e9berger et afficher le contenu vid\u00e9o. Ces cookies sont mis en place par YouTube pour tracer l&#8217;utilisation de leurs services et sont install\u00e9s d\u00e8s que vous appuyez sur \u00ab Play \u00bb. Pour plus d\u2019informations : <a href=\"https:\/\/policies.google.com\/privacy?hl=fr\">https:\/\/policies.google.com\/privacy?hl=fr<\/a><\/td>\n<\/tr>\n<tr>\n<td rowspan=\"4\" width=\"79\"><strong>YOUTUBE<\/strong><\/td>\n<td width=\"156\">GPS<\/td>\n<td width=\"105\">Mesure d&#8217;audience<\/td>\n<td width=\"147\">Enregistre un identifiant unique pour conserver des statistiques suivant la localisation g\u00e9ographique de l\u2019utilisateur<\/td>\n<td width=\"99\">24 heures<\/td>\n<\/tr>\n<tr>\n<td width=\"156\">VISITOR_INFO1_LIVE<\/td>\n<td width=\"105\">Technique<\/td>\n<td width=\"147\">Estimer la bande passante pour optimiser la qualit\u00e9 de la vid\u00e9o<\/td>\n<td width=\"99\">179 Jours<\/td>\n<\/tr>\n<tr>\n<td width=\"156\">YSC<\/td>\n<td width=\"105\">Mesure d&#8217;audience<\/td>\n<td width=\"147\">Enregistre un identifiant unique pour conserver des statistiques sur les vid\u00e9os de YouTube que l&#8217;utilisateur a vues.<\/td>\n<td width=\"99\">session<\/td>\n<\/tr>\n<tr>\n<td width=\"156\">PREF<\/td>\n<td width=\"105\">Publicitaire<\/td>\n<td width=\"147\">Enregistre un identifiant unique qui est utilis\u00e9 par Google pour conserver des statistiques sur la fa\u00e7on dont le visiteur utilise les vid\u00e9os YouTube sur diff\u00e9rents sites Web.<\/td>\n<td width=\"99\">1 an<\/td>\n<\/tr>\n<tr>\n<td width=\"79\"><strong>MAPBOX<\/strong><\/td>\n<td colspan=\"4\" width=\"506\">MapBox est utilis\u00e9 pour afficher les informations concernant les stations de recharge pour v\u00e9hicule \u00e9lectrique sur une carte. Pour plus d\u2019informations : <a href=\"https:\/\/www.mapbox.com\/legal\/cookies\">https:\/\/www.mapbox.com\/legal\/cookies<\/a><\/td>\n<\/tr>\n<tr>\n<td width=\"79\"><strong>MAPBOX<\/strong><\/td>\n<td width=\"156\">mapbox.eventData:*<\/td>\n<td width=\"105\">Technique<\/td>\n<td width=\"147\">Enregistrer les param\u00e8tres de t\u00e9l\u00e9m\u00e9trie<\/td>\n<td width=\"99\">1 an<\/td>\n<\/tr>\n<\/tbody>\n<\/table>\n<p>\u00a0<\/p>\n<h2><strong>5. Consentement<\/strong><\/h2>\n<p>Lors de votre premi\u00e8re visite sur notre Site, il vous est propos\u00e9 d\u2019accepter ou de refuser l\u2019utilisation de l\u2019ensemble des cookies du SIPPEREC et des tiers.<\/p>\n<p>Il vous est \u00e9galement possible de consentir ind\u00e9pendamment et sp\u00e9cifiquement pour chaque finalit\u00e9 distincte, via l\u2019option \u00ab personnaliser mes choix \u00bb.<\/p>\n<p>Vous avez \u00e9galement le choix de quitter le bandeau de consentement cookie en cliquant sur \u00ab Continuer sans accepter \u00bb. Il est pr\u00e9cis\u00e9 que le simple fait de continuer la navigation sans cliquer sur l\u2019une des options propos\u00e9es par ce bandeau Cookies s\u2019apparente \u00e0 un refus de consentement. <\/p>\n<p>Lorsque vous acceptez le d\u00e9p\u00f4t de cookies, un cookie de consentement est install\u00e9.<\/p>\n<p>Si vous ne souhaitez pas que des cookies soient install\u00e9s ou lus sur votre terminal, un cookie de refus sera d\u00e9pos\u00e9 sur votre \u00e9quipement, afin que le SIPPEREC enregistre l\u2019information selon laquelle vous vous \u00eates oppos\u00e9s \u00e0 l\u2019utilisation de cookies, et ce pour une dur\u00e9e de 6 mois. Notez qu\u2019\u00e0 d\u00e9faut de consentement, certaines parties ou fonctionnalit\u00e9s de ce Site ne pourront \u00eatre accessibles, tel que les vid\u00e9os, la carte et la recherche des stations de recharge. <\/p>\n<p>Si vous supprimez ce cookie de refus, il ne sera plus possible de vous identifier comme ayant refus\u00e9 l\u2019utilisation de cookies.<\/p>\n<p>Les cookies de refus ou de consentement doivent rester sur votre terminal. Vous pouvez \u00e0 tout moment modifier vos choix en <a href=\"https:\/\/labornebleue.fr\/politique-cookies\/#tarteaucitron\">cliquant ici<\/a> <\/p>\n<h2><strong>6. Gestion des cookies<\/strong><\/h2>\n<p>Vous pouvez g\u00e9rer et modifier \u00e0 tout moment l\u2019utilisation des cookies suivant les possibilit\u00e9s rappel\u00e9es ci-apr\u00e8s :<\/p>\n<ul>\n<li>directement sur notre Site, dans le module pr\u00e9vu \u00e0 cet effet, en <a href=\"https:\/\/labornebleue.fr\/politique-cookies\/#tarteaucitron\"> cliquant ici<\/a> , ou<\/li>\n<li>en cliquant sur notre ic\u00f4ne \u00ab Cookies \u00bb accessible \u00e0 tout moment sur toutes les pages du Site, ou<\/li>\n<li>\u00e0 partir de votre logiciel de navigation, ou<\/li>\n<li>de plateformes interprofessionnelles d\u2019opposition.<\/li>\n<\/ul>\n<p><strong>At<\/strong><strong>tention : la prise en compte de votre refus d\u2019installer un cookie repose sur le d\u00e9p\u00f4t d\u2019un cookie. Par cons\u00e9quent, si vous d\u00e9sactivez tous les cookies de votre terminal ou si vous changez de terminal, nous ne saurons plus que vous avez choisi cette option.<\/strong><\/p>\n<h4><strong>6.1 Module de gestion des cookies<\/strong><\/h4>\n<p>Un module vous permet de choisir les cookies que vous souhaitez accepter et ceux que vous souhaitez refuser sur notre Site.<\/p>\n<p>\u00c0 tout moment, en<a href=\"https:\/\/labornebleue.fr\/politique-cookies\/#tarteaucitron\"> cliquant ici<\/a> vous pourrez acc\u00e9der au module et modifier vos pr\u00e9f\u00e9rences.<\/p>\n<h4><strong>6.2 Param\u00e9trage du logiciel de navigation<\/strong><\/h4>\n<p>Vous pouvez configurer votre logiciel de navigation de mani\u00e8re \u00e0 ce que des cookies soient enregistr\u00e9s dans votre terminal ou qu&#8217;ils soient rejet\u00e9s, soit syst\u00e9matiquement, soit selon leur \u00e9metteur.<\/p>\n<p>Vous pouvez \u00e9galement r\u00e9guli\u00e8rement supprimer les cookies de votre terminal via votre navigateur.<\/p>\n<p>N\u2019oubliez pas cependant de param\u00e9trer l\u2019ensemble des navigateurs de vos diff\u00e9rents terminaux.<\/p>\n<p>Pour la gestion des cookies et de vos choix, la configuration de chaque navigateur est diff\u00e9rente. Elle est d\u00e9crite dans le menu d&#8217;aide de votre navigateur, qui vous permettra de savoir de quelle mani\u00e8re modifier vos choix en mati\u00e8re de cookies. A titre d\u2019exemples :  <\/p>\n<ul>\n<li>pour Internet Explorer\u2122 : <a href=\"https:\/\/support.microsoft.com\/fr-fr\/help\/17442\/windows-internet-explorer-delete-manage-cookies\">https:\/\/support.microsoft.com\/fr-fr\/help\/17442\/windows-internet-explorer-delete-manage-cookies<\/a> ;<\/li>\n<li>pour Safari\u2122 : <a href=\"https:\/\/support.apple.com\/fr-fr\/guide\/safari\/sfri11471\/mac\">https:\/\/support.apple.com\/fr-fr\/guide\/safari\/sfri11471\/mac<\/a> ;<\/li>\n<li>pour Chrome\u2122: <a href=\"https:\/\/support.google.com\/chrome\/answer\/95647?hl=fr&#038;hlrm=en\">https:\/\/support.google.com\/chrome\/answer\/95647?hl=fr&#038;hlrm=en<\/a> ;<\/li>\n<li>pour Firefox\u2122 : <a href=\"https:\/\/support.mozilla.org\/fr\/kb\/protection-renforcee-contre-pistage-firefox-ordinateur?redirectlocale=fr&#038;redirectslug=Activer+et+d%C3%A9sactiver+les+cookies\">https:\/\/support.mozilla.org\/fr\/kb\/protection-renforcee-contre-pistage-firefox-ordinateur?redirectlocale=fr&#038;redirectslug=Activer+et+d%C3%A9sactiver+les+cookies<\/a> ;<\/li>\n<li>pour Opera\u2122 : <a href=\"https:\/\/help.opera.com\/en\/latest\/web-preferences\/\">https:\/\/help.opera.com\/en\/latest\/web-preferences\/#cookies<\/a>.<\/li>\n<\/ul>\n<p>Nous attirons toutefois votre attention sur le fait qu\u2019en param\u00e9trant votre navigateur pour refuser les cookies, certaines fonctionnalit\u00e9s, pages et espaces du Site, qui n\u00e9cessitent l\u2019utilisation de cookies, ne seront pas accessibles, ce dont nous ne saurions \u00eatre responsables.<\/p>\n<p>Pour en savoir plus sur la mani\u00e8re de param\u00e9trer vos logiciels de navigation, nous vous invitons \u00e0 consulter le site de la Commission nationale de l\u2019informatique et des libert\u00e9s : <a href=\"https:\/\/www.cnil.fr\/fr\/cookies-les-outils-pour-les-maitriser\">https:\/\/www.cnil.fr\/fr\/cookies-les-outils-pour-les-maitriser<\/a>.<\/p>\n<h4><strong>6.3 Modules d\u2019opposition d\u2019\u00e9diteurs<\/strong><\/h4>\n<p>Vous pouvez choisir de d\u00e9sactiver certains cookies tiers, en vous rendant directement sur la page de l\u2019\u00e9metteur. Ainsi : <\/p>\n<ul>\n<li>Pour d\u00e9sactiver Youtube, rendez-vous sur la page : <a href=\"https:\/\/g.co\/privacytools\">g.co\/privacytools<\/a>;<\/li>\n<\/ul>\n<h4><strong>6.4 Plateformes interprofessionnelles d\u2019opposition<\/strong><\/h4>\n<p>Plusieurs plateformes de professionnels de la publicit\u00e9 vous offrent \u00e9galement la possibilit\u00e9 de refuser ou d\u2019accepter des cookies utilis\u00e9s par les soci\u00e9t\u00e9s qui en sont adh\u00e9rentes. Ces m\u00e9canismes centralis\u00e9s ne bloquent pas l\u2019affichage des publicit\u00e9s mais emp\u00eachent seulement l\u2019installation de cookies permettant d\u2019adapter les publicit\u00e9s \u00e0 vos centres d\u2019int\u00e9r\u00eats et comportements. <\/p>\n<p>Vous pouvez par exemple vous connecter sur le site <a href=\"http:\/\/www.youronlinechoices.com\">www.youronlinechoices.com<\/a> afin d\u2019interdire l\u2019installation de ces cookies sur votre terminal. Ce site est propos\u00e9 par les professionnels de la publicit\u00e9 digitale regroup\u00e9s au sein de l&#8217;association europ\u00e9enne EDAA (European Digital Advertising Alliance) et g\u00e9r\u00e9 en France par l&#8217;Interactive Advertising Bureau France. <\/p>\n<p>Vous pourrez ainsi conna\u00eetre les entreprises inscrites \u00e0 cette plateforme et qui vous offrent la possibilit\u00e9 de refuser ou d&#8217;accepter les cookies qu&#8217;elles utilisent pour adapter, selon les donn\u00e9es qu\u2019elles collectent, les publicit\u00e9s susceptibles d&#8217;\u00eatre affich\u00e9es sur votre navigateur : <a href=\"http:\/\/www.youronlinechoices.com\/fr\/controler-ses-cookies\/\">www.youronlinechoices.com\/fr\/controler-ses-cookies<\/a>.<\/p>\n<p>Cette plateforme europ\u00e9enne est partag\u00e9e par des centaines de professionnels de la publicit\u00e9 sur Internet et constitue une interface centralis\u00e9e vous permettant d&#8217;exprimer votre refus ou votre acceptation des cookies tel que ci-dessus pr\u00e9cis\u00e9.<\/p>\n<h2><strong>7. Protection des donn\u00e9es personnelles<\/strong><\/h2>\n<p>Dans le cadre de l\u2019utilisation des cookies telle que d\u00e9crite ci-dessus, le SIPPEREC est susceptible de traiter des donn\u00e9es \u00e0 caract\u00e8re personnel vous concernant, telles que des adresses IP, en tant que responsable du traitement.<\/p>\n<p>Les finalit\u00e9s de ces cookies sont d\u00e9taill\u00e9es ci-avant.<\/p>\n<p>Les donn\u00e9es collect\u00e9es par les cookies utilis\u00e9s pas le Site seront communiqu\u00e9es aux personnels habilit\u00e9s du SIPPEREC<\/p>\n<p>Les cookies ne sont jamais conserv\u00e9s plus longtemps que n\u00e9cessaire pour atteindre la finalit\u00e9 du cookie et, en tout \u00e9tat de cause, pas plus de 13 mois. Les donn\u00e9es collect\u00e9es \u00e0 partir des cookies sont conserv\u00e9es 25 mois maximum. <\/p>\n<p>Vous \u00eates en mesure de retirer votre consentement \u00e0 tout moment \u00e0 partir du module de gestion accessible sur toutes les pages du Site ou sur <a href=\"https:\/\/labornebleue.fr\/politique-cookies\/#tarteaucitron\">ce lien.<\/a><\/p>\n<p>Vous disposez d\u2019un droit d\u2019acc\u00e8s, de rectification, d\u2019effacement, de portabilit\u00e9 de vos donn\u00e9es, ainsi que d\u2019un droit \u00e0 la limitation du traitement.<\/p>\n<table style=\"width: 100%;\">\n<tbody>\n<tr>\n<th style=\"text-align: left;\"> <strong> Vous disposez \u00e9galement d\u2019un droit de vous opposer \u00e0 tout moment, pour des raisons tenant \u00e0 votre situation particuli\u00e8re, \u00e0 un traitement des donn\u00e9es \u00e0 caract\u00e8re personnel ayant comme base juridique l\u2019int\u00e9r\u00eat l\u00e9gitime du<\/strong> SIPPEREC.<\/th>\n<\/tr>\n<\/tbody>\n<\/table>\n<p>Pour de plus amples informations, notamment sur l\u2019exercice de vos droits, vous pouvez vous reporter \u00e0 notre Politique de protection des donn\u00e9es : <a href=\"https:\/\/labornebleue.fr\/politique-de-confidentialite\/\">https:\/\/labornebleue.fr\/politique-de-confidentialite\/<\/a><\/p>\n<p>Les demandes relatives \u00e0 l\u2019exercice de vos droits s\u2019effectuent \u00e0 l\u2019attention du D\u00e9l\u00e9gu\u00e9 \u00e0 la Protection des Donn\u00e9es du SIPPEREC, \u00e0 l\u2019adresse postale suivante : SIPPEREC, 175, rue de Bercy 75012 Paris accompagn\u00e9 des \u00e9l\u00e9ments nous permettant de nous assurer votre identit\u00e9, ou par m\u00e9l \u00e0 l\u2019adresse suivante : dpo@sipperec.fr<\/p>\n<p>Vous disposez du droit d\u2019introduire une r\u00e9clamation aupr\u00e8s de la Commission nationale Informatique et Libert\u00e9s, autorit\u00e9 de contr\u00f4le comp\u00e9tente situ\u00e9e 3, place de Fontenoy 75007 Paris.<\/p>\n<p>Les cookies tiers sur le Site d\u00e9pendent des responsables de traitement externes :<\/p>\n<ul>\n<li>Mapbox<\/li>\n<li>Google<\/li>\n<\/ul>\n<p>Ces responsables de traitement sont susceptibles, si vous acceptez ces cookies, de traiter des donn\u00e9es \u00e0 caract\u00e8re personnel vous concernant.<\/p>\n<p>L\u2019\u00e9mission et l\u2019utilisation de ces cookies par des tiers sont soumises \u00e0 leur propre politique de confidentialit\u00e9. Pour plus d\u2019information concernant ces traitements, vous pouvez vous reporter \u00e0 leurs politiques de confidentialit\u00e9. <\/p>\n"}],"images":"Homepage","partenaires_header":false,"taille_header":true},"yoast_head":"<!-- This site is optimized with the Yoast SEO plugin v26.1.1 - https:\/\/yoast.com\/wordpress\/plugins\/seo\/ -->\n<title>Cookie Policy - La borne bleue<\/title>\n<meta name=\"robots\" content=\"index, follow, max-snippet:-1, max-image-preview:large, max-video-preview:-1\" \/>\n<link rel=\"canonical\" href=\"https:\/\/labornebleue.fr\/en\/cookie-policy\/\" \/>\n<meta property=\"og:locale\" content=\"en_US\" \/>\n<meta property=\"og:type\" content=\"article\" \/>\n<meta property=\"og:title\" content=\"Cookie Policy - La borne bleue\" \/>\n<meta property=\"og:url\" content=\"https:\/\/labornebleue.fr\/en\/cookie-policy\/\" \/>\n<meta property=\"og:site_name\" content=\"La borne bleue\" \/>\n<meta property=\"article:modified_time\" content=\"2026-02-20T21:08:20+00:00\" \/>\n<meta name=\"twitter:card\" content=\"summary_large_image\" \/>\n<script type=\"application\/ld+json\" class=\"yoast-schema-graph\">{\"@context\":\"https:\/\/schema.org\",\"@graph\":[{\"@type\":\"WebPage\",\"@id\":\"https:\/\/labornebleue.fr\/en\/cookie-policy\/\",\"url\":\"https:\/\/labornebleue.fr\/en\/cookie-policy\/\",\"name\":\"Cookie Policy - La borne bleue\",\"isPartOf\":{\"@id\":\"https:\/\/labornebleue.fr\/#website\"},\"datePublished\":\"2026-02-05T21:39:45+00:00\",\"dateModified\":\"2026-02-20T21:08:20+00:00\",\"breadcrumb\":{\"@id\":\"https:\/\/labornebleue.fr\/en\/cookie-policy\/#breadcrumb\"},\"inLanguage\":\"en-US\",\"potentialAction\":[{\"@type\":\"ReadAction\",\"target\":[\"https:\/\/labornebleue.fr\/en\/cookie-policy\/\"]}]},{\"@type\":\"BreadcrumbList\",\"@id\":\"https:\/\/labornebleue.fr\/en\/cookie-policy\/#breadcrumb\",\"itemListElement\":[{\"@type\":\"ListItem\",\"position\":1,\"name\":\"Accueil\",\"item\":\"https:\/\/labornebleue.fr\/en\/home\/\"},{\"@type\":\"ListItem\",\"position\":2,\"name\":\"Cookie Policy\"}]},{\"@type\":\"WebSite\",\"@id\":\"https:\/\/labornebleue.fr\/#website\",\"url\":\"https:\/\/labornebleue.fr\/\",\"name\":\"La borne bleue\",\"description\":\"La borne bleue\",\"publisher\":{\"@id\":\"https:\/\/labornebleue.fr\/#organization\"},\"potentialAction\":[{\"@type\":\"SearchAction\",\"target\":{\"@type\":\"EntryPoint\",\"urlTemplate\":\"https:\/\/labornebleue.fr\/?s={search_term_string}\"},\"query-input\":{\"@type\":\"PropertyValueSpecification\",\"valueRequired\":true,\"valueName\":\"search_term_string\"}}],\"inLanguage\":\"en-US\"},{\"@type\":\"Organization\",\"@id\":\"https:\/\/labornebleue.fr\/#organization\",\"name\":\"La borne bleue\",\"url\":\"https:\/\/labornebleue.fr\/\",\"logo\":{\"@type\":\"ImageObject\",\"inLanguage\":\"en-US\",\"@id\":\"https:\/\/labornebleue.fr\/#\/schema\/logo\/image\/\",\"url\":\"https:\/\/labornebleue.fr\/wp-content\/uploads\/sites\/10\/2020\/10\/La-borne-bleue_logo-original-e1604597328472.png\",\"contentUrl\":\"https:\/\/labornebleue.fr\/wp-content\/uploads\/sites\/10\/2020\/10\/La-borne-bleue_logo-original-e1604597328472.png\",\"width\":200,\"height\":392,\"caption\":\"La borne bleue\"},\"image\":{\"@id\":\"https:\/\/labornebleue.fr\/#\/schema\/logo\/image\/\"}}]}<\/script>\n<!-- \/ Yoast SEO plugin. -->","yoast_head_json":{"title":"Cookie Policy - La borne bleue","robots":{"index":"index","follow":"follow","max-snippet":"max-snippet:-1","max-image-preview":"max-image-preview:large","max-video-preview":"max-video-preview:-1"},"canonical":"https:\/\/labornebleue.fr\/en\/cookie-policy\/","og_locale":"en_US","og_type":"article","og_title":"Cookie Policy - La borne bleue","og_url":"https:\/\/labornebleue.fr\/en\/cookie-policy\/","og_site_name":"La borne bleue","article_modified_time":"2026-02-20T21:08:20+00:00","twitter_card":"summary_large_image","schema":{"@context":"https:\/\/schema.org","@graph":[{"@type":"WebPage","@id":"https:\/\/labornebleue.fr\/en\/cookie-policy\/","url":"https:\/\/labornebleue.fr\/en\/cookie-policy\/","name":"Cookie Policy - La borne bleue","isPartOf":{"@id":"https:\/\/labornebleue.fr\/#website"},"datePublished":"2026-02-05T21:39:45+00:00","dateModified":"2026-02-20T21:08:20+00:00","breadcrumb":{"@id":"https:\/\/labornebleue.fr\/en\/cookie-policy\/#breadcrumb"},"inLanguage":"en-US","potentialAction":[{"@type":"ReadAction","target":["https:\/\/labornebleue.fr\/en\/cookie-policy\/"]}]},{"@type":"BreadcrumbList","@id":"https:\/\/labornebleue.fr\/en\/cookie-policy\/#breadcrumb","itemListElement":[{"@type":"ListItem","position":1,"name":"Accueil","item":"https:\/\/labornebleue.fr\/en\/home\/"},{"@type":"ListItem","position":2,"name":"Cookie Policy"}]},{"@type":"WebSite","@id":"https:\/\/labornebleue.fr\/#website","url":"https:\/\/labornebleue.fr\/","name":"La borne bleue","description":"La borne bleue","publisher":{"@id":"https:\/\/labornebleue.fr\/#organization"},"potentialAction":[{"@type":"SearchAction","target":{"@type":"EntryPoint","urlTemplate":"https:\/\/labornebleue.fr\/?s={search_term_string}"},"query-input":{"@type":"PropertyValueSpecification","valueRequired":true,"valueName":"search_term_string"}}],"inLanguage":"en-US"},{"@type":"Organization","@id":"https:\/\/labornebleue.fr\/#organization","name":"La borne bleue","url":"https:\/\/labornebleue.fr\/","logo":{"@type":"ImageObject","inLanguage":"en-US","@id":"https:\/\/labornebleue.fr\/#\/schema\/logo\/image\/","url":"https:\/\/labornebleue.fr\/wp-content\/uploads\/sites\/10\/2020\/10\/La-borne-bleue_logo-original-e1604597328472.png","contentUrl":"https:\/\/labornebleue.fr\/wp-content\/uploads\/sites\/10\/2020\/10\/La-borne-bleue_logo-original-e1604597328472.png","width":200,"height":392,"caption":"La borne bleue"},"image":{"@id":"https:\/\/labornebleue.fr\/#\/schema\/logo\/image\/"}}]}},"_links":{"self":[{"href":"https:\/\/labornebleue.fr\/en\/wp-json\/wp\/v2\/pages\/942","targetHints":{"allow":["GET"]}}],"collection":[{"href":"https:\/\/labornebleue.fr\/en\/wp-json\/wp\/v2\/pages"}],"about":[{"href":"https:\/\/labornebleue.fr\/en\/wp-json\/wp\/v2\/types\/page"}],"author":[{"embeddable":true,"href":"https:\/\/labornebleue.fr\/en\/wp-json\/wp\/v2\/users\/26"}],"replies":[{"embeddable":true,"href":"https:\/\/labornebleue.fr\/en\/wp-json\/wp\/v2\/comments?post=942"}],"version-history":[{"count":1,"href":"https:\/\/labornebleue.fr\/en\/wp-json\/wp\/v2\/pages\/942\/revisions"}],"predecessor-version":[{"id":986,"href":"https:\/\/labornebleue.fr\/en\/wp-json\/wp\/v2\/pages\/942\/revisions\/986"}],"wp:attachment":[{"href":"https:\/\/labornebleue.fr\/en\/wp-json\/wp\/v2\/media?parent=942"}],"curies":[{"name":"wp","href":"https:\/\/api.w.org\/{rel}","templated":true}]}}