{"id":933,"date":"2026-02-05T22:38:50","date_gmt":"2026-02-05T21:38:50","guid":{"rendered":"https:\/\/labornebleue.fr\/about-us\/"},"modified":"2026-02-21T12:01:50","modified_gmt":"2026-02-21T11:01:50","slug":"about-us","status":"publish","type":"page","link":"https:\/\/labornebleue.fr\/en\/about-us\/","title":{"rendered":"About Us"},"content":{"rendered":"","protected":false},"excerpt":{"rendered":"","protected":false},"author":14,"featured_media":0,"parent":0,"menu_order":0,"comment_status":"closed","ping_status":"closed","template":"","meta":{"_acf_changed":false,"footnotes":""},"class_list":["post-933","page","type-page","status-publish","hentry"],"acf":{"boutons":false,"contenus":[{"acf_fc_layout":"contenu","titre":"","contenu":"<p><i><img loading=\"lazy\" decoding=\"async\" class=\"wp-image-749 size-medium aligncenter\" src=\"https:\/\/labornebleue.fr\/wp-content\/uploads\/sites\/10\/2024\/12\/SIPPEREC_NEWLOGO_V0_DEF_CMJN_20240118-300x162.jpg\" alt=\"\" width=\"300\" height=\"162\" srcset=\"https:\/\/labornebleue.fr\/wp-content\/uploads\/sites\/10\/2024\/12\/SIPPEREC_NEWLOGO_V0_DEF_CMJN_20240118-300x162.jpg 300w, https:\/\/labornebleue.fr\/wp-content\/uploads\/sites\/10\/2024\/12\/SIPPEREC_NEWLOGO_V0_DEF_CMJN_20240118-1024x555.jpg 1024w, https:\/\/labornebleue.fr\/wp-content\/uploads\/sites\/10\/2024\/12\/SIPPEREC_NEWLOGO_V0_DEF_CMJN_20240118-768x416.jpg 768w, https:\/\/labornebleue.fr\/wp-content\/uploads\/sites\/10\/2024\/12\/SIPPEREC_NEWLOGO_V0_DEF_CMJN_20240118-1536x832.jpg 1536w, https:\/\/labornebleue.fr\/wp-content\/uploads\/sites\/10\/2024\/12\/SIPPEREC_NEWLOGO_V0_DEF_CMJN_20240118-2048x1109.jpg 2048w\" sizes=\"auto, (max-width: 300px) 100vw, 300px\" \/><\/i><\/p>\n<p>A local public establishment, Sipperec* brings together 122 member local authorities in the 7 departments of \u00cele-de-France outside Paris. It was the first public actor in \u00cele-de-France to support local authorities in their transition towards clean mobility. Since January 2017, more than 1,600 vehicles and 1,350 charging stations have already been deployed to equip municipal fleets via its Sipp\u2019n\u2019co purchasing center. The Union carried out the first studies on clean mobility needs and uses in \u00cele-de-France. It committed, as of September 2019, to installing up to 3,000 charging points in its territory by 2030. To deploy the &#8220;la borne bleue&#8221; network on public land, Sipperec takes full responsibility for investment operations, thanks to subsidies offered by the \u00cele-de-France Region. As a public contracting authority, it guarantees rapid implementation and a coherent mesh across the entire territory. These infrastructures are then operated by Sipperec, at its own expense, to guarantee users a reliable and quality service.<\/p>\n<p><i> *Intercommunal Union of the Paris Periphery for Energies and Communication Networks.<\/i><\/p>\n"},{"acf_fc_layout":"contenu","titre":"","contenu":"<p><img loading=\"lazy\" decoding=\"async\" class=\"size-medium wp-image-264 aligncenter\" src=\"https:\/\/labornebleue.fr\/wp-content\/uploads\/sites\/10\/2020\/11\/logo-ile-de-france-300x48.png\" alt=\"\" width=\"300\" height=\"48\" srcset=\"https:\/\/labornebleue.fr\/wp-content\/uploads\/sites\/10\/2020\/11\/logo-ile-de-france-300x48.png 300w, https:\/\/labornebleue.fr\/wp-content\/uploads\/sites\/10\/2020\/11\/logo-ile-de-france-1024x164.png 1024w, https:\/\/labornebleue.fr\/wp-content\/uploads\/sites\/10\/2020\/11\/logo-ile-de-france-768x123.png 768w, https:\/\/labornebleue.fr\/wp-content\/uploads\/sites\/10\/2020\/11\/logo-ile-de-france-1536x245.png 1536w, https:\/\/labornebleue.fr\/wp-content\/uploads\/sites\/10\/2020\/11\/logo-ile-de-france-2048x327.png 2048w\" sizes=\"auto, (max-width: 300px) 100vw, 300px\" \/><\/p>\n<p>The Region adopted its Electromobility Development Plan in November 2019 and revised it in March 2024. It aims to multiply the number of charging stations for electric vehicles by 5.5 throughout \u00cele-de-France. While there are 18,000 today in \u00cele-de-France, the objective of this massive plan is to reach 100,000 stations available to users by 2030. Regional funding has enabled Sipperec to deploy 1,000 charging points. A quality label is awarded by the Region. It is granted to stations that are geolocated, supervised, and regularly maintained. It guarantees optimal service quality to users.<\/p>\n<p><strong>The &#8220;En route pour l\u2019\u00e9lectromobilit\u00e9 en \u00cele-de-France&#8221; charter<\/strong><\/p>\n<p>It brings together the State, the \u00cele-de-France Region, ENEDIS, ADEME, the National Association for the Development of Electric Mobility, and \u00cele-de-France Mobilit\u00e9s, who have committed to coordinating their efforts to promote the development of electric mobility in \u00cele-de-France.<\/p>\n"}],"images":"Choisir images","intro":"","taille_header":false,"partenaires_header":false,"choisir_images":[{"ID":937,"id":937,"title":"Header_Qui sommes nous-min","filename":"Header_Qui-sommes-nous-min-scaled.jpg","filesize":268959,"url":"https:\/\/labornebleue.fr\/wp-content\/uploads\/sites\/10\/2020\/11\/Header_Qui-sommes-nous-min-scaled.jpg","link":"https:\/\/labornebleue.fr\/en\/about-us\/header_qui-sommes-nous-min-2\/","alt":"","author":"14","description":"","caption":"","name":"header_qui-sommes-nous-min-2","status":"inherit","uploaded_to":933,"date":"2020-11-16 10:37:52","modified":"2020-11-16 10:37:52","menu_order":0,"mime_type":"image\/jpeg","type":"image","subtype":"jpeg","icon":"https:\/\/labornebleue.fr\/wp-includes\/images\/media\/default.png","width":2560,"height":1082,"sizes":{"thumbnail":"https:\/\/labornebleue.fr\/wp-content\/uploads\/sites\/10\/2020\/11\/Header_Qui-sommes-nous-min-150x150.jpg","thumbnail-width":150,"thumbnail-height":150,"medium":"https:\/\/labornebleue.fr\/wp-content\/uploads\/sites\/10\/2020\/11\/Header_Qui-sommes-nous-min-300x127.jpg","medium-width":300,"medium-height":127,"medium_large":"https:\/\/labornebleue.fr\/wp-content\/uploads\/sites\/10\/2020\/11\/Header_Qui-sommes-nous-min-768x325.jpg","medium_large-width":640,"medium_large-height":271,"large":"https:\/\/labornebleue.fr\/wp-content\/uploads\/sites\/10\/2020\/11\/Header_Qui-sommes-nous-min-1024x433.jpg","large-width":640,"large-height":271,"1536x1536":"https:\/\/labornebleue.fr\/wp-content\/uploads\/sites\/10\/2020\/11\/Header_Qui-sommes-nous-min-1536x649.jpg","1536x1536-width":1536,"1536x1536-height":649,"2048x2048":"https:\/\/labornebleue.fr\/wp-content\/uploads\/sites\/10\/2020\/11\/Header_Qui-sommes-nous-min-2048x866.jpg","2048x2048-width":2048,"2048x2048-height":866,"alize":"https:\/\/labornebleue.fr\/wp-content\/uploads\/sites\/10\/2020\/11\/Header_Qui-sommes-nous-min-2048x866.jpg","alize-width":2048,"alize-height":866}}]},"yoast_head":"<!-- This site is optimized with the Yoast SEO plugin v26.1.1 - https:\/\/yoast.com\/wordpress\/plugins\/seo\/ -->\n<title>About Us - La borne bleue<\/title>\n<meta name=\"robots\" content=\"index, follow, max-snippet:-1, max-image-preview:large, max-video-preview:-1\" \/>\n<link rel=\"canonical\" href=\"https:\/\/labornebleue.fr\/en\/about-us\/\" \/>\n<meta property=\"og:locale\" content=\"en_US\" \/>\n<meta property=\"og:type\" content=\"article\" \/>\n<meta property=\"og:title\" content=\"About Us - La borne bleue\" \/>\n<meta property=\"og:url\" content=\"https:\/\/labornebleue.fr\/en\/about-us\/\" \/>\n<meta property=\"og:site_name\" content=\"La borne bleue\" \/>\n<meta property=\"article:modified_time\" content=\"2026-02-21T11:01:50+00:00\" \/>\n<meta name=\"twitter:card\" content=\"summary_large_image\" \/>\n<script type=\"application\/ld+json\" class=\"yoast-schema-graph\">{\"@context\":\"https:\/\/schema.org\",\"@graph\":[{\"@type\":\"WebPage\",\"@id\":\"https:\/\/labornebleue.fr\/en\/about-us\/\",\"url\":\"https:\/\/labornebleue.fr\/en\/about-us\/\",\"name\":\"About Us - La borne bleue\",\"isPartOf\":{\"@id\":\"https:\/\/labornebleue.fr\/#website\"},\"datePublished\":\"2026-02-05T21:38:50+00:00\",\"dateModified\":\"2026-02-21T11:01:50+00:00\",\"breadcrumb\":{\"@id\":\"https:\/\/labornebleue.fr\/en\/about-us\/#breadcrumb\"},\"inLanguage\":\"en-US\",\"potentialAction\":[{\"@type\":\"ReadAction\",\"target\":[\"https:\/\/labornebleue.fr\/en\/about-us\/\"]}]},{\"@type\":\"BreadcrumbList\",\"@id\":\"https:\/\/labornebleue.fr\/en\/about-us\/#breadcrumb\",\"itemListElement\":[{\"@type\":\"ListItem\",\"position\":1,\"name\":\"Accueil\",\"item\":\"https:\/\/labornebleue.fr\/en\/home\/\"},{\"@type\":\"ListItem\",\"position\":2,\"name\":\"About Us\"}]},{\"@type\":\"WebSite\",\"@id\":\"https:\/\/labornebleue.fr\/#website\",\"url\":\"https:\/\/labornebleue.fr\/\",\"name\":\"La borne bleue\",\"description\":\"La borne bleue\",\"publisher\":{\"@id\":\"https:\/\/labornebleue.fr\/#organization\"},\"potentialAction\":[{\"@type\":\"SearchAction\",\"target\":{\"@type\":\"EntryPoint\",\"urlTemplate\":\"https:\/\/labornebleue.fr\/?s={search_term_string}\"},\"query-input\":{\"@type\":\"PropertyValueSpecification\",\"valueRequired\":true,\"valueName\":\"search_term_string\"}}],\"inLanguage\":\"en-US\"},{\"@type\":\"Organization\",\"@id\":\"https:\/\/labornebleue.fr\/#organization\",\"name\":\"La borne bleue\",\"url\":\"https:\/\/labornebleue.fr\/\",\"logo\":{\"@type\":\"ImageObject\",\"inLanguage\":\"en-US\",\"@id\":\"https:\/\/labornebleue.fr\/#\/schema\/logo\/image\/\",\"url\":\"https:\/\/labornebleue.fr\/wp-content\/uploads\/sites\/10\/2020\/10\/La-borne-bleue_logo-original-e1604597328472.png\",\"contentUrl\":\"https:\/\/labornebleue.fr\/wp-content\/uploads\/sites\/10\/2020\/10\/La-borne-bleue_logo-original-e1604597328472.png\",\"width\":200,\"height\":392,\"caption\":\"La borne bleue\"},\"image\":{\"@id\":\"https:\/\/labornebleue.fr\/#\/schema\/logo\/image\/\"}}]}<\/script>\n<!-- \/ Yoast SEO plugin. -->","yoast_head_json":{"title":"About Us - La borne bleue","robots":{"index":"index","follow":"follow","max-snippet":"max-snippet:-1","max-image-preview":"max-image-preview:large","max-video-preview":"max-video-preview:-1"},"canonical":"https:\/\/labornebleue.fr\/en\/about-us\/","og_locale":"en_US","og_type":"article","og_title":"About Us - La borne bleue","og_url":"https:\/\/labornebleue.fr\/en\/about-us\/","og_site_name":"La borne bleue","article_modified_time":"2026-02-21T11:01:50+00:00","twitter_card":"summary_large_image","schema":{"@context":"https:\/\/schema.org","@graph":[{"@type":"WebPage","@id":"https:\/\/labornebleue.fr\/en\/about-us\/","url":"https:\/\/labornebleue.fr\/en\/about-us\/","name":"About Us - La borne bleue","isPartOf":{"@id":"https:\/\/labornebleue.fr\/#website"},"datePublished":"2026-02-05T21:38:50+00:00","dateModified":"2026-02-21T11:01:50+00:00","breadcrumb":{"@id":"https:\/\/labornebleue.fr\/en\/about-us\/#breadcrumb"},"inLanguage":"en-US","potentialAction":[{"@type":"ReadAction","target":["https:\/\/labornebleue.fr\/en\/about-us\/"]}]},{"@type":"BreadcrumbList","@id":"https:\/\/labornebleue.fr\/en\/about-us\/#breadcrumb","itemListElement":[{"@type":"ListItem","position":1,"name":"Accueil","item":"https:\/\/labornebleue.fr\/en\/home\/"},{"@type":"ListItem","position":2,"name":"About Us"}]},{"@type":"WebSite","@id":"https:\/\/labornebleue.fr\/#website","url":"https:\/\/labornebleue.fr\/","name":"La borne bleue","description":"La borne bleue","publisher":{"@id":"https:\/\/labornebleue.fr\/#organization"},"potentialAction":[{"@type":"SearchAction","target":{"@type":"EntryPoint","urlTemplate":"https:\/\/labornebleue.fr\/?s={search_term_string}"},"query-input":{"@type":"PropertyValueSpecification","valueRequired":true,"valueName":"search_term_string"}}],"inLanguage":"en-US"},{"@type":"Organization","@id":"https:\/\/labornebleue.fr\/#organization","name":"La borne bleue","url":"https:\/\/labornebleue.fr\/","logo":{"@type":"ImageObject","inLanguage":"en-US","@id":"https:\/\/labornebleue.fr\/#\/schema\/logo\/image\/","url":"https:\/\/labornebleue.fr\/wp-content\/uploads\/sites\/10\/2020\/10\/La-borne-bleue_logo-original-e1604597328472.png","contentUrl":"https:\/\/labornebleue.fr\/wp-content\/uploads\/sites\/10\/2020\/10\/La-borne-bleue_logo-original-e1604597328472.png","width":200,"height":392,"caption":"La borne bleue"},"image":{"@id":"https:\/\/labornebleue.fr\/#\/schema\/logo\/image\/"}}]}},"_links":{"self":[{"href":"https:\/\/labornebleue.fr\/en\/wp-json\/wp\/v2\/pages\/933","targetHints":{"allow":["GET"]}}],"collection":[{"href":"https:\/\/labornebleue.fr\/en\/wp-json\/wp\/v2\/pages"}],"about":[{"href":"https:\/\/labornebleue.fr\/en\/wp-json\/wp\/v2\/types\/page"}],"author":[{"embeddable":true,"href":"https:\/\/labornebleue.fr\/en\/wp-json\/wp\/v2\/users\/14"}],"replies":[{"embeddable":true,"href":"https:\/\/labornebleue.fr\/en\/wp-json\/wp\/v2\/comments?post=933"}],"version-history":[{"count":1,"href":"https:\/\/labornebleue.fr\/en\/wp-json\/wp\/v2\/pages\/933\/revisions"}],"predecessor-version":[{"id":981,"href":"https:\/\/labornebleue.fr\/en\/wp-json\/wp\/v2\/pages\/933\/revisions\/981"}],"wp:attachment":[{"href":"https:\/\/labornebleue.fr\/en\/wp-json\/wp\/v2\/media?parent=933"}],"curies":[{"name":"wp","href":"https:\/\/api.w.org\/{rel}","templated":true}]}}